{"id":24,"date":"2024-04-04T11:27:01","date_gmt":"2024-04-04T09:27:01","guid":{"rendered":"https:\/\/aureliealibertdupuy.com\/?page_id=24"},"modified":"2024-07-22T17:51:32","modified_gmt":"2024-07-22T15:51:32","slug":"home","status":"publish","type":"page","link":"https:\/\/aureliealibertdupuy.com\/","title":{"rendered":"Home"},"content":{"rendered":"<div class=\"wpb-content-wrapper\"><p>[vc_row][vc_column][vc_row equal_height=\"\" font_color=\"light\" background_type=\"image\" background_img=\"49\" background_img_lazyload=\"1\" shift_y=\"0\" z_index=\"0\"][vc_column][vc_column_text]\r\n<h1 style=\"text-align: center;\"><span style=\"font-family: trebuchet ms, geneva, sans-serif;\">Aur\u00e9lie Alibert-Dupuy<\/span><\/h1>\r\n<h3 style=\"text-align: center;\"><span style=\"font-family: trebuchet ms, geneva, sans-serif;\">Violoniste<\/span><\/h3>\r\n[\/vc_column_text][\/vc_column][\/vc_row][\/vc_column][\/vc_row][vc_row equal_height=\u00a0\u00bb\u00a0\u00bb font_color=\u00a0\u00bblight\u00a0\u00bb background_type=\u00a0\u00bbimage\u00a0\u00bb background_color=\u00a0\u00bbcustom\u00a0\u00bb background_img_lazyload=\u00a0\u00bb1&Prime; shift_y=\u00a0\u00bb0&Prime; z_index=\u00a0\u00bb0&Prime; background_custom_color=\u00a0\u00bb#5b1018&Prime;][vc_column][vc_column_text]<\/p>\n<h2 style=\"text-align: center;\"><span style=\"font-family: trebuchet ms, geneva, sans-serif;\">Bonjour, et bienvenue !<\/span><\/h2>\n<p style=\"text-align: center;\"><span style=\"font-family: trebuchet ms, geneva, sans-serif;\">Dipl\u00f4m\u00e9e d\u2019un Master d\u2019interpr\u00e9tation musicale de la Haute \u00c9cole de Musique de Gen\u00e8ve,<\/span><br \/>\n<span style=\"font-family: trebuchet ms, geneva, sans-serif;\">j&rsquo;enseigne le violon depuis une quinzaine d&rsquo;ann\u00e9es.<\/span><\/p>\n<p style=\"text-align: center;\"><span style=\"font-family: trebuchet ms, geneva, sans-serif;\">Je propose des cours particuliers de violon \u00e0 domicile d\u00e8s 6 ans, y compris aux adultes,<\/span><br \/>\n<span style=\"font-family: trebuchet ms, geneva, sans-serif;\">d\u00e9butants et plus avanc\u00e9s.<\/span><\/p>\n<p style=\"text-align: center;\"><span style=\"font-family: trebuchet ms, geneva, sans-serif;\">Je m\u2019adapte aux projets, \u00e0 la personnalit\u00e9 et aux go\u00fbts de mes \u00e9l\u00e8ves, enrichissant ma m\u00e9thode en arran-geant pour chacun les morceaux qu\u2019ils souhaitent jouer (de divers styles : classique, vari\u00e9t\u00e9, musique de film\u2026), tout en accordant une attention particuli\u00e8re \u00e0 l\u2019acquisition de la technique instrumentale.<\/span><br \/>\n<span style=\"font-family: trebuchet ms, geneva, sans-serif;\">L&rsquo;apprentissage des bases de solf\u00e8ge n\u00e9cessaires est \u00e9galement assur\u00e9 en fonction des besoins.<\/span><\/p>\n<p style=\"text-align: center;\"><span style=\"font-family: trebuchet ms, geneva, sans-serif;\">Les cours sont hebdomadaires et durent 45 minutes pour les enfants,<\/span><br \/>\n<span style=\"font-family: trebuchet ms, geneva, sans-serif;\">ou 1h pour les grands adolescents et les adultes.<\/span><\/p>\n<p style=\"text-align: center;\"><span style=\"font-family: trebuchet ms, geneva, sans-serif;\">Secteurs desservis : Lyon 1, Lyon 4 et Caluire-et-Cuire.<\/span><\/p>\n<p style=\"text-align: center;\"><span style=\"font-family: trebuchet ms, geneva, sans-serif;\">Pour plus de renseignements, je vous invite \u00e0 me contacter via l\u2019outil situ\u00e9 en bas de page.<\/span><\/p>\n<p>[\/vc_column_text][\/vc_column][\/vc_row][vc_row equal_height=\u00a0\u00bb\u00a0\u00bb font_color=\u00a0\u00bblight\u00a0\u00bb background_type=\u00a0\u00bbimage\u00a0\u00bb background_color=\u00a0\u00bbblack\u00a0\u00bb background_img_lazyload=\u00a0\u00bb1&Prime; shift_y=\u00a0\u00bb0&Prime; z_index=\u00a0\u00bb0&Prime;][vc_column width=\u00a0\u00bb1\/2&Prime;][vc_single_image image=\u00a0\u00bb27&Prime; img_size=\u00a0\u00bbfull\u00a0\u00bb full_width=\u00a0\u00bb1&Prime; opacity=\u00a0\u00bb100&Prime;][\/vc_column][vc_column width=\u00a0\u00bb1\/2&Prime;][vc_column_text]<\/p>\n<h2><\/h2>\n<p>&nbsp;<\/p>\n<p>&nbsp;<\/p>\n<h2><\/h2>\n<h2><\/h2>\n<h2 style=\"text-align: center;\"><span style=\"font-family: trebuchet ms, geneva, sans-serif;\">Pr\u00e9sentation<\/span><\/h2>\n<p><span style=\"font-family: trebuchet ms, geneva, sans-serif;\">Dipl\u00f4m\u00e9e de la Haute Ecole de Musique de Gen\u00e8ve, j\u2019enseigne le violon depuis 2007.<\/span><br \/>\n<span style=\"font-family: trebuchet ms, geneva, sans-serif;\">J\u2019ai grandi au sein d\u2019une fratrie de musiciens, et ai commenc\u00e9 le violon \u00e0 l\u2019\u00e2ge de 3 ans.<\/span><br \/>\n<span style=\"font-family: trebuchet ms, geneva, sans-serif;\">J\u2019ai int\u00e9gr\u00e9 le Conservatoire \u00e0 Rayonnement R\u00e9gional de Grenoble \u00e0 7 ans, et ai tr\u00e8s rapidement souhait\u00e9 devenir violoniste professionnelle.<\/span><br \/>\n<span style=\"font-family: trebuchet ms, geneva, sans-serif;\">Lorsque j\u2019avais 12 ans, mon professeur d\u2019alors a commenc\u00e9 \u00e0 me faire donner des cours \u00e0 ses autres \u00e9l\u00e8ves sous sa supervision. Outre l\u2019apprentissage des aspects techniques et m\u00e9thodiques indispensables \u00e0 l\u2019enseignement, il m\u2019a sensibilis\u00e9e \u00e0 la richesse des rapports humains et \u00e0 l\u2019importance de toujours consid\u00e9rer, respecter et encourager les \u00e9l\u00e8ves.<\/span><br \/>\n<span style=\"font-family: trebuchet ms, geneva, sans-serif;\">Par la suite, j\u2019ai eu la chance de b\u00e9n\u00e9ficier des conseils de divers grands musiciens et d\u2019enrichir mon approche et ma vision de la transmission.<\/span><br \/>\n<span style=\"font-family: trebuchet ms, geneva, sans-serif;\">Au fil des ann\u00e9es, j\u2019ai ainsi acquis le d\u00e9sir de consacrer de plus en plus de temps \u00e0 cette activit\u00e9.<\/span><br \/>\n<span style=\"font-family: trebuchet ms, geneva, sans-serif;\">L\u2019enseignement est pour moi une voie dans laquelle je m\u2019\u00e9panouis et me sens tr\u00e8s enrichie humainement.<\/span><br \/>\n<span style=\"font-family: trebuchet ms, geneva, sans-serif;\">J\u2019ai choisi d\u2019enseigner en cours particuliers afin de pouvoir m\u2019adapter librement au projet, \u00e0 la progression et \u00e0 la personnalit\u00e9 de chacun.<\/span><br \/>\n<span style=\"font-family: trebuchet ms, geneva, sans-serif;\">Je d\u00e9sire par-dessus tout, \u00e0 travers la transmission de la musique et du violon, faire prendre conscience \u00e0 mes \u00e9l\u00e8ves de leur valeur intrins\u00e8que, quels que soient leur niveau, leur talent et leurs r\u00e9sultats.<\/span>[\/vc_column_text][\/vc_column][\/vc_row][vc_row equal_height=\u00a0\u00bb\u00a0\u00bb font_color=\u00a0\u00bblight\u00a0\u00bb background_type=\u00a0\u00bbimage\u00a0\u00bb background_img=\u00a0\u00bb36&Prime; background_effect=\u00a0\u00bbparallax\u00a0\u00bb background_img_lazyload=\u00a0\u00bb1&Prime; shift_y=\u00a0\u00bb0&Prime; z_index=\u00a0\u00bb0&Prime; min_height=\u00a0\u00bb400&Prime;][vc_column][\/vc_column][\/vc_row][vc_row equal_height=\u00a0\u00bb\u00a0\u00bb font_color=\u00a0\u00bblight\u00a0\u00bb background_type=\u00a0\u00bbimage\u00a0\u00bb background_color=\u00a0\u00bbblack\u00a0\u00bb background_img_lazyload=\u00a0\u00bb1&Prime; shift_y=\u00a0\u00bb0&Prime; z_index=\u00a0\u00bb0&Prime;][vc_column width=\u00a0\u00bb1\/2&Prime;][vc_column_text]<\/p>\n<h2 style=\"text-align: center;\"><span style=\"font-family: trebuchet ms, geneva, sans-serif;\">Biographie<\/span><\/h2>\n<p><span style=\"font-family: trebuchet ms, geneva, sans-serif;\">Aur\u00e9lie Alibert commence le violon d\u00e8s l\u2019\u00e2ge de 3 ans.<\/span><br \/>\n<span style=\"font-family: trebuchet ms, geneva, sans-serif;\">A 7 ans, elle int\u00e8gre le Conservatoire \u00e0 Rayonnement R\u00e9gional de Grenoble dans la classe de Pascal Lod\u00e9on.<\/span><br \/>\n<span style=\"font-family: trebuchet ms, geneva, sans-serif;\">A 14 ans, elle r\u00e9ussit le concours d\u2019entr\u00e9e \u00e0 la Haute Ecole de Musique de Gen\u00e8ve, o\u00f9 elle suivra l\u2019enseignement de Margarita Karafilova pendant 7 ans, et y obtiendra un Master of Arts en Interpr\u00e9tation Musicale.<\/span><br \/>\n<span style=\"font-family: trebuchet ms, geneva, sans-serif;\">Parall\u00e8lement \u00e0 cela, elle continue \u00e0 suivre l\u2019enseignement de Pascal Lod\u00e9on au Conservatoire \u00e0 Rayonnement D\u00e9partemental de Vichy, et y obtiendra un DEM (Dipl\u00f4me d\u2019Etudes Musicales), puis un Prix de Perfectionnement.<\/span><br \/>\n<span style=\"font-family: trebuchet ms, geneva, sans-serif;\">Tout au long de ce parcours, elle b\u00e9n\u00e9ficiera \u00e9galement des conseils de musiciens \u00e9m\u00e9rites, tels Ivry Gitlis, Nicolas Dautricourt, Sashko Gavrilov, Roland Daugareil, Christophe Poiget, Robert Zimansky\u2026<\/span><br \/>\n<span style=\"font-family: trebuchet ms, geneva, sans-serif;\">Parall\u00e8lement au violon, Aur\u00e9lie Alibert se forme \u00e0 la musique de chambre dans les classes de William Garcin (CRR Grenoble), puis Gabor Takacs-Nagy et Gui-Michel Caillat (HEM Gen\u00e8ve), ainsi qu\u2019\u00e0 la pratique orchestrale, abordant des \u0153uvres de tous styles et \u00e9poques. Elle aura ainsi le plaisir de jouer sous les baguettes de Michel Corboz, Arie Van Beek, Marc Minkowski, Jean-S\u00e9bastien B\u00e9reau, Florence Malgoire, Aur\u00e9lien Azan-Zielinski\u2026<\/span><br \/>\n<span style=\"font-family: trebuchet ms, geneva, sans-serif;\">Tout au long de ses \u00e9tudes, elle se formera \u00e9galement \u00e0 diverses disciplines th\u00e9oriques, dont le Solf\u00e8ge, l\u2019Ecriture (Harmonie et Contrepoint), l\u2019Analyse Musicale, et l\u2019Histoire de la Musique (de l\u2019Antiquit\u00e9 jusqu\u2019au XX\u00e8me si\u00e8cle). Elle obtiendra notamment un DEM de Solf\u00e8ge au CRR de Grenoble, ainsi qu\u2019un Certificat d\u2019Etudes Sup\u00e9rieures de Contrepoint \u00e0 la HEM de Gen\u00e8ve.<\/span><br \/>\n<span style=\"font-family: trebuchet ms, geneva, sans-serif;\">A la fin de ses \u00e9tudes, Aur\u00e9lie Alibert-Dupuy s\u2019installe \u00e0 Lyon et travaille dans divers orchestres de R\u00e9gion Rh\u00f4ne-Alpes (Orchestre Symphonique Confluences, Philharmonia de Lyon, Op\u00e9ra-Th\u00e9\u00e2tre de Saint-Etienne, Compagnie CALA, \u2026)<\/span><br \/>\n<span style=\"font-family: trebuchet ms, geneva, sans-serif;\">Parall\u00e8lement, elle se tourne progressivement vers l\u2019enseignement du violon en cours particuliers, et sa d\u00e9marche personnelle l\u2019am\u00e8ne \u00e0 s\u2019y consacrer toujours plus.<\/span>[\/vc_column_text][\/vc_column][vc_column width=\u00a0\u00bb1\/2&Prime;][vc_column_text]<\/p>\n<p>&nbsp;<\/p>\n<p>[\/vc_column_text][vc_single_image image=\u00a0\u00bb38&Prime; img_size=\u00a0\u00bbfull\u00a0\u00bb full_width=\u00a0\u00bb1&Prime; opacity=\u00a0\u00bb100&Prime;][\/vc_column][\/vc_row][vc_row equal_height=\u00a0\u00bb\u00a0\u00bb font_color=\u00a0\u00bblight\u00a0\u00bb background_type=\u00a0\u00bbimage\u00a0\u00bb background_color=\u00a0\u00bbcustom\u00a0\u00bb background_img_lazyload=\u00a0\u00bb1&Prime; shift_y=\u00a0\u00bb0&Prime; z_index=\u00a0\u00bb0&Prime; background_custom_color=\u00a0\u00bb#5b1018&Prime;][vc_column]\n<div class=\"wpcf7 no-js\" id=\"wpcf7-f45-o1\" lang=\"fr-FR\" dir=\"ltr\" data-wpcf7-id=\"45\">\n<div class=\"screen-reader-response\"><p role=\"status\" aria-live=\"polite\" aria-atomic=\"true\"><\/p> <ul><\/ul><\/div>\n<form action=\"\/index.php\/wp-json\/wp\/v2\/pages\/24#wpcf7-f45-o1\" method=\"post\" class=\"wpcf7-form init\" aria-label=\"Formulaire de contact\" novalidate=\"novalidate\" data-status=\"init\">\n<fieldset class=\"hidden-fields-container\"><input type=\"hidden\" name=\"_wpcf7\" value=\"45\" \/><input type=\"hidden\" name=\"_wpcf7_version\" value=\"6.1.5\" \/><input type=\"hidden\" name=\"_wpcf7_locale\" value=\"fr_FR\" \/><input type=\"hidden\" name=\"_wpcf7_unit_tag\" value=\"wpcf7-f45-o1\" \/><input type=\"hidden\" name=\"_wpcf7_container_post\" value=\"0\" \/><input type=\"hidden\" name=\"_wpcf7_posted_data_hash\" value=\"\" \/><input type=\"hidden\" name=\"_wpcf7_recaptcha_response\" value=\"\" \/>\n<\/fieldset>\n<p><label> Votre nom<br \/>\n<span class=\"wpcf7-form-control-wrap\" data-name=\"your-name\"><input size=\"40\" maxlength=\"400\" class=\"wpcf7-form-control wpcf7-text wpcf7-validates-as-required\" autocomplete=\"name\" aria-required=\"true\" aria-invalid=\"false\" value=\"\" type=\"text\" name=\"your-name\" \/><\/span> <\/label>\n<\/p>\n<p><label> Votre e-mail<br \/>\n<span class=\"wpcf7-form-control-wrap\" data-name=\"your-email\"><input size=\"40\" maxlength=\"400\" class=\"wpcf7-form-control wpcf7-email wpcf7-validates-as-required wpcf7-text wpcf7-validates-as-email\" autocomplete=\"email\" aria-required=\"true\" aria-invalid=\"false\" value=\"\" type=\"email\" name=\"your-email\" \/><\/span> <\/label>\n<\/p>\n<p><label> Objet<br \/>\n<span class=\"wpcf7-form-control-wrap\" data-name=\"your-subject\"><input size=\"40\" maxlength=\"400\" class=\"wpcf7-form-control wpcf7-text wpcf7-validates-as-required\" aria-required=\"true\" aria-invalid=\"false\" value=\"\" type=\"text\" name=\"your-subject\" \/><\/span> <\/label>\n<\/p>\n<p><label> Votre message (facultatif)<br \/>\n<span class=\"wpcf7-form-control-wrap\" data-name=\"your-message\"><textarea cols=\"40\" rows=\"10\" maxlength=\"2000\" class=\"wpcf7-form-control wpcf7-textarea\" aria-invalid=\"false\" name=\"your-message\"><\/textarea><\/span> <\/label>\n<\/p>\n<p><input class=\"wpcf7-form-control wpcf7-submit has-spinner\" type=\"submit\" value=\"Envoyer\" \/>\n<\/p><div class=\"wpcf7-response-output\" aria-hidden=\"true\"><\/div>\n<\/form>\n<\/div>\n[\/vc_column][\/vc_row]<\/p>\n<\/div>","protected":false},"excerpt":{"rendered":"<p>[vc_row][vc_column][\/vc_column][\/vc_row][vc_row equal_height=\u00a0\u00bb\u00a0\u00bb font_color=\u00a0\u00bblight\u00a0\u00bb background_type=\u00a0\u00bbimage\u00a0\u00bb background_color=\u00a0\u00bbcustom\u00a0\u00bb background_img_lazyload=\u00a0\u00bb1&Prime; shift_y=\u00a0\u00bb0&Prime; z_index=\u00a0\u00bb0&Prime; background_custom_color=\u00a0\u00bb#5b1018&Prime;][vc_column][vc_column_text] Bonjour, et bienvenue ! Dipl\u00f4m\u00e9e d\u2019un Master d\u2019interpr\u00e9tation musicale de la Haute \u00c9cole de Musique de Gen\u00e8ve, j&rsquo;enseigne le violon depuis une quinzaine d&rsquo;ann\u00e9es. Je propose des cours particuliers de violon \u00e0 domicile d\u00e8s 6 ans, y compris aux adultes, d\u00e9butants et plus avanc\u00e9s. Je m\u2019adapte&#8230;<\/p>\n<p><a rel=\"bookmark\" class=\"decibel-button-text wvc-button wvc-button-size-sm wolf-core-button wolf-core-button-size-sm\" href=\"https:\/\/aureliealibertdupuy.com\/\"><small class=\"wvc-button-background-fill wolf-core-button-background-fill\"><\/small><span>continue reading<\/span><\/a><\/p>\n","protected":false},"author":1,"featured_media":0,"parent":0,"menu_order":0,"comment_status":"closed","ping_status":"closed","template":"","meta":{"footnotes":""},"class_list":{"0":"post-24","1":"page","2":"type-page","3":"status-publish","4":"hentry","5":"entry","6":"clearfix","7":"entry-grid","8":"entry-columns-default","9":"entry-page-module-layout-standard","10":"no-post-thumbnail","11":"entry-page","13":"entry-page-grid"},"_links":{"self":[{"href":"https:\/\/aureliealibertdupuy.com\/index.php\/wp-json\/wp\/v2\/pages\/24","targetHints":{"allow":["GET"]}}],"collection":[{"href":"https:\/\/aureliealibertdupuy.com\/index.php\/wp-json\/wp\/v2\/pages"}],"about":[{"href":"https:\/\/aureliealibertdupuy.com\/index.php\/wp-json\/wp\/v2\/types\/page"}],"author":[{"embeddable":true,"href":"https:\/\/aureliealibertdupuy.com\/index.php\/wp-json\/wp\/v2\/users\/1"}],"replies":[{"embeddable":true,"href":"https:\/\/aureliealibertdupuy.com\/index.php\/wp-json\/wp\/v2\/comments?post=24"}],"version-history":[{"count":20,"href":"https:\/\/aureliealibertdupuy.com\/index.php\/wp-json\/wp\/v2\/pages\/24\/revisions"}],"predecessor-version":[{"id":55,"href":"https:\/\/aureliealibertdupuy.com\/index.php\/wp-json\/wp\/v2\/pages\/24\/revisions\/55"}],"wp:attachment":[{"href":"https:\/\/aureliealibertdupuy.com\/index.php\/wp-json\/wp\/v2\/media?parent=24"}],"curies":[{"name":"wp","href":"https:\/\/api.w.org\/{rel}","templated":true}]}}